{"id":13092,"date":"2022-06-14T07:10:44","date_gmt":"2022-06-14T05:10:44","guid":{"rendered":"https:\/\/neuwied.dakd.de\/?page_id=13092"},"modified":"2025-12-17T14:11:05","modified_gmt":"2025-12-17T13:11:05","slug":"gemeindevorstand","status":"publish","type":"page","link":"https:\/\/koeln.dakd.de\/am\/gemeindevorstand\/","title":{"rendered":"Gemeindevorstand"},"content":{"rendered":"<div class=\"fusion-fullwidth fullwidth-box fusion-builder-row-1 fusion-flex-container nonhundred-percent-fullwidth non-hundred-percent-height-scrolling\" style=\"--awb-border-radius-top-left:0px;--awb-border-radius-top-right:0px;--awb-border-radius-bottom-right:0px;--awb-border-radius-bottom-left:0px;--awb-flex-wrap:wrap;\" ><div class=\"fusion-builder-row fusion-row fusion-flex-align-items-flex-start fusion-flex-content-wrap\" style=\"max-width:1248px;margin-left: calc(-4% \/ 2 );margin-right: calc(-4% \/ 2 );\"><div class=\"fusion-layout-column fusion_builder_column fusion-builder-column-0 fusion_builder_column_2_3 2_3 fusion-flex-column\" style=\"--awb-bg-size:cover;--awb-width-large:66.666666666667%;--awb-margin-top-large:0px;--awb-spacing-right-large:2.88%;--awb-margin-bottom-large:20px;--awb-spacing-left-large:2.88%;--awb-width-medium:100%;--awb-order-medium:0;--awb-spacing-right-medium:1.92%;--awb-spacing-left-medium:1.92%;--awb-width-small:100%;--awb-order-small:0;--awb-spacing-right-small:1.92%;--awb-spacing-left-small:1.92%;\"><div class=\"fusion-column-wrapper fusion-column-has-shadow fusion-flex-justify-content-flex-start fusion-content-layout-column\"><div class=\"fusion-title title fusion-title-1 fusion-sep-none fusion-title-text fusion-title-size-one\"><h1 class=\"fusion-title-heading title-heading-left\" style=\"margin:0;\"><p class=\"title-heading-left\">Gemeindevorstand<\/p><\/h1><\/div><div class=\"fusion-text fusion-text-1\" style=\"--awb-text-transform:none;\"><p><strong>Gemeindevorstand<\/strong><\/p>\n<p>Dem Leitungsgremium der Armenischen Gemeinde K\u00f6ln e.V. geh\u00f6ren sieben gew\u00e4hlte Vorstandsmitglieder an, dazu kommt der Gemeindepfarrer. Der Vorsitzende, der stellvertretende Vorsitzende, der Kassenwart und der Gemeindepfarrer bilden den Gemeindevorstand im Sinne des Gesetzes (\u00a7 26 BGB).<\/p>\n<p>Im Vorstand wird der Haushalt der Gemeinde beschlossen. Au\u00dferdem werden alle wichtigen Themen des Gemeindelebens besprochen und \u00fcber die Durchf\u00fchrung von Veranstaltungen beraten.<\/p>\n<p>Der Gemeindevorstand wird jeweils f\u00fcr drei Jahre gew\u00e4hlt und kann anschlie\u00dfend wiedergew\u00e4hlt werden. Die letzten Gemeindewahlen fanden 2024 statt.<\/p>\n<p>Der Vorstand der Gemeinde sowie die Di\u00f6zesan-Delegierten wurden zuletzt am\u00a0 06.11.2024 gew\u00e4hlt.<\/p>\n<p><strong>Vorstand:<\/strong><\/p>\n<ul>\n<li><strong>Ehrenvorsitzender \u2013 Pfr. Jeghische Vartapet\u00a0 AVETISYAN<\/strong><\/li>\n<li><strong>Vorstandsvorsitzende \u2013 H<strong>err Antranik TABAKER<\/strong><\/strong><\/li>\n<li><strong>Stellv. Vorsitzender \u2013\u00a0<\/strong><strong>Frau Ani NORENTSAYAN<\/strong><\/li>\n<li><strong>Kassenwart \u2013 Herr Antranik ACEMYAN<\/strong><\/li>\n<li><strong>Stellv. Kassenwart \u2013 Frau Silva KODAK<\/strong><\/li>\n<li><strong>Schriftf\u00fchrerin \u2013 Frau Vardine HOVSEPYAN-MIKAJELIAN<\/strong><\/li>\n<li><strong>Beisitzer \u2013 Herr Aram AVETISYAN<\/strong><\/li>\n<li><strong>Stellv. Schriftf\u00fchrer\/in- Herr Norayr PILOYAN<\/strong><\/li>\n<\/ul>\n<p><strong>\u00a0<\/strong><\/p>\n<p><strong>Di\u00f6zesandelegierte:<\/strong><\/p>\n<ul>\n<li><strong>Herr Norayr BOYACIAN<\/strong><\/li>\n<li><strong>Herr Artin SIMONJAN<\/strong><\/li>\n<li><strong>Herr Orhan BARLIK<\/strong><\/li>\n<li><strong>Herr Vahe TASCILAR<\/strong><\/li>\n<li><strong>Herr Sarmen YEGHIAZARYAN<\/strong><\/li>\n<li><strong>Herr Noi AMIRYAN<\/strong><\/li>\n<li><strong>Herr Ara AMIRYAN<\/strong><\/li>\n<li><strong>Herr Hakob SEROBYAN<\/strong><\/li>\n<li><strong>Herr Edmond\u00a0 HAGHNAZARIAN<\/strong><\/li>\n<li><strong>Herr Manuel KIREN<\/strong><\/li>\n<\/ul>\n<\/div><\/div><\/div><div class=\"fusion-layout-column fusion_builder_column fusion-builder-column-1 fusion_builder_column_1_3 1_3 fusion-flex-column\" style=\"--awb-padding-top:20px;--awb-padding-right:20px;--awb-padding-bottom:20px;--awb-padding-left:20px;--awb-bg-color:var(--awb-color4);--awb-bg-color-hover:var(--awb-color4);--awb-bg-size:cover;--awb-width-large:33.333333333333%;--awb-margin-top-large:0px;--awb-spacing-right-large:5.76%;--awb-margin-bottom-large:20px;--awb-spacing-left-large:5.76%;--awb-width-medium:100%;--awb-order-medium:0;--awb-spacing-right-medium:1.92%;--awb-spacing-left-medium:1.92%;--awb-width-small:100%;--awb-order-small:0;--awb-spacing-right-small:1.92%;--awb-spacing-left-small:1.92%;\"><div class=\"fusion-column-wrapper fusion-column-has-shadow fusion-flex-justify-content-flex-start fusion-content-layout-column\"><div class=\"fusion-title title fusion-title-2 fusion-sep-none fusion-title-text fusion-title-size-three\"><h3 class=\"fusion-title-heading title-heading-left\" style=\"margin:0;\">Schreiben Sie uns\u2026<\/h3><\/div><div class=\"fusion-text fusion-text-2\" style=\"--awb-text-transform:none;\"><p>Haben Sie Fragen, Anregungen, W\u00fcnsche? Dann schreiben Sie uns!<\/p>\n<\/div>\n<div class=\"wpcf7 no-js\" id=\"wpcf7-f16421-o1\" lang=\"de-DE\" dir=\"ltr\" data-wpcf7-id=\"16421\">\n<div class=\"screen-reader-response\"><p role=\"status\" aria-live=\"polite\" aria-atomic=\"true\"><\/p> <ul><\/ul><\/div>\n<form action=\"\/am\/wp-json\/wp\/v2\/pages\/13092#wpcf7-f16421-o1\" method=\"post\" class=\"wpcf7-form init\" aria-label=\"Kontaktformular\" novalidate=\"novalidate\" data-status=\"init\" data-trp-original-action=\"\/am\/wp-json\/wp\/v2\/pages\/13092#wpcf7-f16421-o1\">\n<fieldset class=\"hidden-fields-container\"><input type=\"hidden\" name=\"_wpcf7\" value=\"16421\" \/><input type=\"hidden\" name=\"_wpcf7_version\" value=\"6.1.5\" \/><input type=\"hidden\" name=\"_wpcf7_locale\" value=\"de_DE\" \/><input type=\"hidden\" name=\"_wpcf7_unit_tag\" value=\"wpcf7-f16421-o1\" \/><input type=\"hidden\" name=\"_wpcf7_container_post\" value=\"0\" \/><input type=\"hidden\" name=\"_wpcf7_posted_data_hash\" value=\"\" \/><input type=\"hidden\" name=\"_wpcf7_recaptcha_response\" value=\"\" \/>\n<\/fieldset>\n<div class=\"fusion-alert alert custom alert-custom fusion-alert-center wpcf7-response-output awb-alert-native-link-color alert-dismissable awb-alert-close-boxed\" style=\"--awb-border-size:1px;--awb-border-top-left-radius:0px;--awb-border-top-right-radius:0px;--awb-border-bottom-left-radius:0px;--awb-border-bottom-right-radius:0px;\" role=\"alert\"><div class=\"fusion-alert-content-wrapper\"><span class=\"fusion-alert-content\"><\/span><\/div><button type=\"button\" class=\"close toggle-alert\" data-dismiss=\"alert\" aria-label=\"Close\">\u00d7<\/button><\/div>\n<p><label> Name:<br \/>\n<span class=\"wpcf7-form-control-wrap\" data-name=\"your-name\"><input size=\"40\" maxlength=\"400\" class=\"wpcf7-form-control wpcf7-text wpcf7-validates-as-required\" aria-required=\"true\" aria-invalid=\"false\" value=\"\" type=\"text\" name=\"your-name\" \/><\/span> <\/label>\n<\/p>\n<p><label> E-Mail:<br \/>\n<span class=\"wpcf7-form-control-wrap\" data-name=\"your-email\"><input size=\"40\" maxlength=\"400\" class=\"wpcf7-form-control wpcf7-email wpcf7-validates-as-required wpcf7-text wpcf7-validates-as-email\" aria-required=\"true\" aria-invalid=\"false\" value=\"\" type=\"email\" name=\"your-email\" \/><\/span> <\/label>\n<\/p>\n<p><label> Betreff:<br \/>\n<span class=\"wpcf7-form-control-wrap\" data-name=\"your-subject\"><input size=\"40\" maxlength=\"400\" class=\"wpcf7-form-control wpcf7-text wpcf7-validates-as-required\" aria-required=\"true\" aria-invalid=\"false\" value=\"\" type=\"text\" name=\"your-subject\" \/><\/span> <\/label>\n<\/p>\n<p><label> Ihre Nachricht:<br \/>\n<span class=\"wpcf7-form-control-wrap\" data-name=\"your-message\"><textarea cols=\"40\" rows=\"10\" maxlength=\"2000\" class=\"wpcf7-form-control wpcf7-textarea wpcf7-validates-as-required\" id=\"message-field\" aria-required=\"true\" aria-invalid=\"false\" name=\"your-message\"><\/textarea><\/span> <\/label>\n<\/p>\n<p><input class=\"wpcf7-form-control wpcf7-submit has-spinner\" type=\"submit\" value=\"Senden\" \/>\n<\/p>\n<input type=\"hidden\" name=\"trp-form-language\" value=\"am\"\/><\/form>\n<\/div>\n<\/div><\/div><\/div><\/div>","protected":false},"excerpt":{"rendered":"","protected":false},"author":12,"featured_media":18064,"parent":0,"menu_order":0,"comment_status":"closed","ping_status":"closed","template":"","meta":{"footnotes":""},"class_list":["post-13092","page","type-page","status-publish","has-post-thumbnail","hentry"],"_links":{"self":[{"href":"https:\/\/koeln.dakd.de\/am\/wp-json\/wp\/v2\/pages\/13092","targetHints":{"allow":["GET"]}}],"collection":[{"href":"https:\/\/koeln.dakd.de\/am\/wp-json\/wp\/v2\/pages"}],"about":[{"href":"https:\/\/koeln.dakd.de\/am\/wp-json\/wp\/v2\/types\/page"}],"author":[{"embeddable":true,"href":"https:\/\/koeln.dakd.de\/am\/wp-json\/wp\/v2\/users\/12"}],"replies":[{"embeddable":true,"href":"https:\/\/koeln.dakd.de\/am\/wp-json\/wp\/v2\/comments?post=13092"}],"version-history":[{"count":3,"href":"https:\/\/koeln.dakd.de\/am\/wp-json\/wp\/v2\/pages\/13092\/revisions"}],"predecessor-version":[{"id":17621,"href":"https:\/\/koeln.dakd.de\/am\/wp-json\/wp\/v2\/pages\/13092\/revisions\/17621"}],"wp:featuredmedia":[{"embeddable":true,"href":"https:\/\/koeln.dakd.de\/am\/wp-json\/wp\/v2\/media\/18064"}],"wp:attachment":[{"href":"https:\/\/koeln.dakd.de\/am\/wp-json\/wp\/v2\/media?parent=13092"}],"curies":[{"name":"wp","href":"https:\/\/api.w.org\/{rel}","templated":true}]}}